{"id":1582,"date":"2026-04-17T14:03:55","date_gmt":"2026-04-17T11:03:55","guid":{"rendered":"https:\/\/kochex.com\/?page_id=1582"},"modified":"2026-04-17T14:14:39","modified_gmt":"2026-04-17T11:14:39","slug":"yesil-lojistik","status":"publish","type":"page","link":"https:\/\/kochex.com\/en\/yesil-lojistik\/","title":{"rendered":"Ye\u015fil Lojistik"},"content":{"rendered":"<div data-elementor-type=\"wp-page\" data-elementor-id=\"1582\" class=\"elementor elementor-1582\" data-elementor-post-type=\"page\">\n\t\t\t\t<div class=\"elementor-element elementor-element-fe50b2d pbmit-bg-color-over-image e-flex e-con-boxed e-con e-parent\" data-id=\"fe50b2d\" data-element_type=\"container\">\n\t\t\t\t\t<div class=\"e-con-inner\">\n\t\t\t\t<div class=\"elementor-element elementor-element-c0c0201 pbmit-animation-none elementor-widget elementor-widget-image\" data-id=\"c0c0201\" data-element_type=\"widget\" data-widget_type=\"image.default\">\n\t\t\t\t<div class=\"elementor-widget-container\">\n\t\t\t\t\t\t\t\t\t\t\t\t\t\t\t<img fetchpriority=\"high\" decoding=\"async\" width=\"847\" height=\"466\" src=\"https:\/\/kochex.com\/wp-content\/uploads\/2026\/04\/ChatGPT-Image-17-Nis-2026-13_56_10-1024x563.png\" class=\"attachment-large size-large wp-image-1584\" alt=\"\" srcset=\"https:\/\/kochex.com\/wp-content\/uploads\/2026\/04\/ChatGPT-Image-17-Nis-2026-13_56_10-1024x563.png 1024w, https:\/\/kochex.com\/wp-content\/uploads\/2026\/04\/ChatGPT-Image-17-Nis-2026-13_56_10-300x165.png 300w, https:\/\/kochex.com\/wp-content\/uploads\/2026\/04\/ChatGPT-Image-17-Nis-2026-13_56_10-768x422.png 768w, https:\/\/kochex.com\/wp-content\/uploads\/2026\/04\/ChatGPT-Image-17-Nis-2026-13_56_10-1536x844.png 1536w, https:\/\/kochex.com\/wp-content\/uploads\/2026\/04\/ChatGPT-Image-17-Nis-2026-13_56_10-2048x1126.png 2048w, https:\/\/kochex.com\/wp-content\/uploads\/2026\/04\/ChatGPT-Image-17-Nis-2026-13_56_10-18x10.png 18w, https:\/\/kochex.com\/wp-content\/uploads\/2026\/04\/ChatGPT-Image-17-Nis-2026-13_56_10-600x330.png 600w\" sizes=\"(max-width: 847px) 100vw, 847px\" \/>\t\t\t\t\t\t\t\t\t\t\t\t\t\t\t<\/div>\n\t\t\t\t<\/div>\n\t\t\t\t\t<\/div>\n\t\t\t\t<\/div>\n\t\t<div class=\"elementor-element elementor-element-d8114ef pbmit-bg-color-over-image e-flex e-con-boxed e-con e-parent\" data-id=\"d8114ef\" data-element_type=\"container\">\n\t\t\t\t\t<div class=\"e-con-inner\">\n\t\t\t\t<div class=\"elementor-element elementor-element-7d9629d elementor-widget elementor-widget-text-editor\" data-id=\"7d9629d\" data-element_type=\"widget\" data-widget_type=\"text-editor.default\">\n\t\t\t\t<div class=\"elementor-widget-container\">\n\t\t\t\t\t\t\t\t\t<blockquote data-start=\"739\" data-end=\"948\"><p data-start=\"741\" data-end=\"948\"><strong>Sustainability is no longer a choice\u2014it is a necessity. With this awareness, we shape our logistics processes and provide environmentally responsible transportation solutions. Through our green logistics approach, we both enhance operational efficiency and reduce our carbon footprint.<\/strong><\/p><h2 data-section-id=\"1bm1imm\" data-start=\"489\" data-end=\"514\">What is Green Logistics?<\/h2><p data-start=\"516\" data-end=\"750\">Green logistics is an approach that aims to minimize environmental impacts in transportation and supply chain processes. Lower fuel consumption, reduced carbon emissions, and more efficient operations form the foundation of this system.<\/p><hr data-start=\"752\" data-end=\"755\" \/><h2 data-section-id=\"14l28iz\" data-start=\"757\" data-end=\"797\">Our Sustainable Logistics Solutions<\/h2><p data-start=\"799\" data-end=\"900\">We plan our operations to be not only fast and safe, but also environmentally friendly.<\/p><ul data-start=\"902\" data-end=\"1167\"><li data-section-id=\"1yer4ps\" data-start=\"902\" data-end=\"949\">Route optimization that reduces fuel consumption<\/li><li data-section-id=\"16m393f\" data-start=\"950\" data-end=\"1010\">Preventing unnecessary trips with maximum load capacity utilization<\/li><li data-section-id=\"wjiy5e\" data-start=\"1011\" data-end=\"1045\">Use of low-emission vehicles<\/li><li data-section-id=\"dth98g\" data-start=\"1046\" data-end=\"1105\">Efficient operational management with digital tracking systems<\/li><li data-section-id=\"ijobur\" data-start=\"1106\" data-end=\"1167\">Reducing carbon emissions through intermodal transportation<\/li><\/ul><hr data-start=\"1169\" data-end=\"1172\" \/><h2 data-section-id=\"cw7amo\" data-start=\"1174\" data-end=\"1219\">We Deliver Efficiency and Sustainability Together<\/h2><p data-start=\"1221\" data-end=\"1434\">Thanks to our advanced technological infrastructure, we continuously analyze our operations and optimize resource utilization. In this way, we both reduce costs and minimize our environmental impact.<\/p><hr data-start=\"1436\" data-end=\"1439\" \/><h2 data-section-id=\"1irocos\" data-start=\"1441\" data-end=\"1479\">Logistics Supported by Technology<\/h2><p data-start=\"1481\" data-end=\"1568\">We strengthen sustainability by using digital solutions in our logistics processes:<\/p><ul data-start=\"1570\" data-end=\"1702\"><li data-section-id=\"17b57zx\" data-start=\"1570\" data-end=\"1604\">Smart fleet management systems<\/li><li data-section-id=\"j8boub\" data-start=\"1605\" data-end=\"1634\">Real-time vehicle and route tracking<\/li><li data-section-id=\"s72xm3\" data-start=\"1635\" data-end=\"1663\">Fuel consumption analysis<\/li><li data-section-id=\"ky9f7k\" data-start=\"1664\" data-end=\"1702\">Operational efficiency software<\/li><\/ul><hr data-start=\"1704\" data-end=\"1707\" \/><h2 data-section-id=\"h6ydow\" data-start=\"1709\" data-end=\"1739\">We Invest in the Future<\/h2><p data-start=\"1741\" data-end=\"1940\">We continuously improve our efforts for a sustainable future. We continue to make a difference in the industry with alternative fuel vehicles, low carbon targets, and environmentally friendly logistics solutions.<\/p><hr data-start=\"1942\" data-end=\"1945\" \/><h2 data-section-id=\"hxclrg\" data-start=\"1947\" data-end=\"1987\">Together for a Cleaner Future<\/h2><p data-start=\"1989\" data-end=\"2114\">With our green logistics solutions, we offer our business partners not only transportation but also a sustainable future.<\/p><\/blockquote>\t\t\t\t\t\t\t\t<\/div>\n\t\t\t\t<\/div>\n\t\t\t\t<div class=\"elementor-element elementor-element-b5037ef elementor-widget elementor-widget-heading\" data-id=\"b5037ef\" data-element_type=\"widget\" data-widget_type=\"heading.default\">\n\t\t\t\t<div class=\"elementor-widget-container\">\n\t\t\t\t\t<h2 class=\"elementor-heading-title elementor-size-default\">Less carbon, more efficient transportation, sustainable solutions<\/h2>\t\t\t\t<\/div>\n\t\t\t\t<\/div>\n\t\t\t\t\t<\/div>\n\t\t\t\t<\/div>\n\t\t\t\t<\/div>","protected":false},"excerpt":{"rendered":"<p>S\u00fcrd\u00fcr\u00fclebilirlik art\u0131k bir tercih de\u011fil, zorunluluktur. Biz de lojistik s\u00fcre\u00e7lerimizi bu bilin\u00e7le \u015fekillendiriyor, \u00e7evreye duyarl\u0131 ta\u015f\u0131mac\u0131l\u0131k \u00e7\u00f6z\u00fcmleri sunuyoruz. Ye\u015fil lojistik yakla\u015f\u0131m\u0131m\u0131z ile hem operasyonel verimlili\u011fi art\u0131r\u0131yor hem de karbon ayak izimizi azalt\u0131yoruz. Ye\u015fil Lojistik Nedir? Ye\u015fil lojistik; ta\u015f\u0131mac\u0131l\u0131k ve tedarik zinciri s\u00fcre\u00e7lerinde \u00e7evresel etkileri en aza indirmeyi hedefleyen bir yakla\u015f\u0131md\u0131r. Daha az yak\u0131t t\u00fcketimi, daha [&hellip;]<\/p>\n","protected":false},"author":1,"featured_media":0,"parent":0,"menu_order":0,"comment_status":"closed","ping_status":"closed","template":"","meta":{"_acf_changed":false,"inline_featured_image":false,"footnotes":""},"class_list":["post-1582","page","type-page","status-publish","hentry"],"acf":[],"_links":{"self":[{"href":"https:\/\/kochex.com\/en\/wp-json\/wp\/v2\/pages\/1582","targetHints":{"allow":["GET"]}}],"collection":[{"href":"https:\/\/kochex.com\/en\/wp-json\/wp\/v2\/pages"}],"about":[{"href":"https:\/\/kochex.com\/en\/wp-json\/wp\/v2\/types\/page"}],"author":[{"embeddable":true,"href":"https:\/\/kochex.com\/en\/wp-json\/wp\/v2\/users\/1"}],"replies":[{"embeddable":true,"href":"https:\/\/kochex.com\/en\/wp-json\/wp\/v2\/comments?post=1582"}],"version-history":[{"count":7,"href":"https:\/\/kochex.com\/en\/wp-json\/wp\/v2\/pages\/1582\/revisions"}],"predecessor-version":[{"id":1592,"href":"https:\/\/kochex.com\/en\/wp-json\/wp\/v2\/pages\/1582\/revisions\/1592"}],"wp:attachment":[{"href":"https:\/\/kochex.com\/en\/wp-json\/wp\/v2\/media?parent=1582"}],"curies":[{"name":"wp","href":"https:\/\/api.w.org\/{rel}","templated":true}]}}