{"id":79,"date":"2025-01-31T11:42:26","date_gmt":"2025-01-31T11:42:26","guid":{"rendered":"http:\/\/shipex-demo.pbminfotech.com\/demo1\/?page_id=7228"},"modified":"2026-04-06T09:07:10","modified_gmt":"2026-04-06T06:07:10","slug":"ekibimiz","status":"publish","type":"page","link":"https:\/\/kochex.com\/en\/ekibimiz\/","title":{"rendered":"Our Team"},"content":{"rendered":"<div data-elementor-type=\"wp-page\" data-elementor-id=\"79\" class=\"elementor elementor-79\" data-elementor-post-type=\"page\">\n\t\t\t\t<div class=\"elementor-element elementor-element-68c71df pbmit-bg-color-over-image e-flex e-con-boxed e-con e-parent\" data-id=\"68c71df\" data-element_type=\"container\">\n\t\t\t\t\t<div class=\"e-con-inner\">\n\t\t\t\t<div class=\"elementor-element elementor-element-a60f9de elementor-widget elementor-widget-pbmit_team_element\" data-id=\"a60f9de\" data-element_type=\"widget\" data-widget_type=\"pbmit_team_element.default\">\n\t\t\t\t<div class=\"elementor-widget-container\">\n\t\t\t\t\t\t\t\t<div class=\"pbminfotech-element\t\t\t\tpbminfotech-element-team\t\t\t\tpbmit-element-team-style-1\t\t\t\tpbmit-element-viewtype-row-column\t\t\t\tpbmit-element-column-four\t\t\t\tpbmit-element-sticky-carousel-false\t\t\t\tpbmit-element-caroursel-dot-false\t\t\t\tpbmit-infinite-scroll-no\t\t\t\tpbmit-infinite-scroll-button-no\t\t\t\tpbminfotech-gap-default\"\r\n\t\t\t\tdata-cpt=\"team\"\r\n\t\t\t\tdata-totalpagination=\"1\"\r\n\t\t\t\tdata-style=\"1\"\r\n\t\t\t\tdata-show=\"13\"\r\n\t\t\t\tdata-columns=\"4\"\r\n\t\t\t\tdata-loop=\"false\"\r\n\t\t\t\tdata-autoplay=\"false\"\r\n\t\t\t\tdata-center=\"false\"\r\n\t\t\t\tdata-nav=\"false\"\r\n\t\t\t\tdata-dots=\"false\"\r\n\t\t\t\tdata-reverse=\"false\"\r\n\t\t\t\tdata-speed=\"1000\"\r\n\t\t\t\tdata-delay=\"4000\"\r\n\t\t\t\tdata-margin=\"default\"\r\n\t\t\t\tdata-show-portion=\"false\">\r\n\t\t\t\t<div class=\"pbmit-element-inner\">\r\n\t\t\t\t\t\r\n\t\t<div class=\"pbmit-ele-header-area\">\r\n\t\t\t <div class=\"pbmit-heading-subheading\"><\/div>\r\n\t\t<\/div>\r\n\t\t<div class=\"pbmit-infinite-scroll-data\">{\"cpt\":\"team\",\"style\":\"1\",\"columns\":\"4\",\"show\":13,\"order\":\"ASC\",\"orderby\":\"none\"}<\/div>\t\t\t<div class=\"pbmit-element-posts-wrapper row multi-columns-row\">\r\n\t\t\t\t<article class=\"pbmit-ele pbmit-ele-team pbmit-team-style-1 col-md-6 col-lg-4 col-xl-3  pbmit-odd pbmit-col-odd\"><div class=\"pbminfotech-post-item\">\r\n\t<div class=\"pbmit-featured-wrap\">\r\n\t\t<div class=\"pbmit-featured-inner\">\r\n\t\t\t<div class=\"pbmit-featured-img-wrapper\"><div class=\"pbmit-featured-wrapper\"><a href=\"https:\/\/kochex.com\/en\/team-member\/necdet-koc\/\"><img fetchpriority=\"high\" decoding=\"async\" width=\"650\" height=\"620\" src=\"https:\/\/kochex.com\/wp-content\/uploads\/2026\/03\/necdetk-650x620.jpg\" class=\"attachment-pbmit-img-650x620 size-pbmit-img-650x620 wp-post-image\" alt=\"\" srcset=\"https:\/\/kochex.com\/wp-content\/uploads\/2026\/03\/necdetk-650x620.jpg 650w, https:\/\/kochex.com\/wp-content\/uploads\/2026\/03\/necdetk-14x12.jpg 14w\" sizes=\"(max-width: 650px) 100vw, 650px\" \/><\/a><\/div><\/div>\t\t\t<a class=\"pbmit-link\" href=\"https:\/\/kochex.com\/en\/team-member\/necdet-koc\/\"><\/a>\r\n\t\t<\/div>\r\n\t<\/div>\r\n\t<div class=\"pbminfotech-box-content\">\r\n\t\t<div class=\"pbminfotech-box-content-inner\">\r\n\t\t\t<h3 class=\"pbmit-team-title\"><a href=\"https:\/\/kochex.com\/en\/team-member\/necdet-koc\/\">Necdet KO\u00c7<\/a><\/h3>\r\n\t\t\t\t\t\t<div class=\"pbminfotech-box-team-position\">Chairman of the Board<\/div>\r\n\t\t\t\t\t<\/div>\r\n\t\t<div class=\"pbmit-team-btn\"><a class=\"pbmit-team-text\" href=\"#\"><i class=\"pbmit-base-icon-share\"><\/i><\/a>\r\n\t\t\t<div class=\"pbminfotech-box-social-links\">\r\n\t\t\t\t\t\t\t<\/div>\r\n\t\t<\/div>\r\n\t<\/div>\r\n<\/div><\/article><article class=\"pbmit-ele pbmit-ele-team pbmit-team-style-1 col-md-6 col-lg-4 col-xl-3  pbmit-even pbmit-col-odd\"><div class=\"pbminfotech-post-item\">\r\n\t<div class=\"pbmit-featured-wrap\">\r\n\t\t<div class=\"pbmit-featured-inner\">\r\n\t\t\t<div class=\"pbmit-featured-img-wrapper\"><div class=\"pbmit-featured-wrapper\"><a href=\"https:\/\/kochex.com\/en\/team-member\/ayse-kalafatoglu\/\"><img decoding=\"async\" width=\"650\" height=\"620\" src=\"https:\/\/kochex.com\/wp-content\/uploads\/2024\/12\/aysek-650x620.jpg\" class=\"attachment-pbmit-img-650x620 size-pbmit-img-650x620 wp-post-image\" alt=\"\" \/><\/a><\/div><\/div>\t\t\t<a class=\"pbmit-link\" href=\"https:\/\/kochex.com\/en\/team-member\/ayse-kalafatoglu\/\"><\/a>\r\n\t\t<\/div>\r\n\t<\/div>\r\n\t<div class=\"pbminfotech-box-content\">\r\n\t\t<div class=\"pbminfotech-box-content-inner\">\r\n\t\t\t<h3 class=\"pbmit-team-title\"><a href=\"https:\/\/kochex.com\/en\/team-member\/ayse-kalafatoglu\/\">Ay\u015fe KALAFATO\u011eLU<\/a><\/h3>\r\n\t\t\t\t\t\t<div class=\"pbminfotech-box-team-position\">Direkt\u00f6r<\/div>\r\n\t\t\t\t\t<\/div>\r\n\t\t<div class=\"pbmit-team-btn\"><a class=\"pbmit-team-text\" href=\"#\"><i class=\"pbmit-base-icon-share\"><\/i><\/a>\r\n\t\t\t<div class=\"pbminfotech-box-social-links\">\r\n\t\t\t\t\t\t\t<\/div>\r\n\t\t<\/div>\r\n\t<\/div>\r\n<\/div><\/article><article class=\"pbmit-ele pbmit-ele-team pbmit-team-style-1 col-md-6 col-lg-4 col-xl-3  pbmit-odd pbmit-col-odd\"><div class=\"pbminfotech-post-item\">\r\n\t<div class=\"pbmit-featured-wrap\">\r\n\t\t<div class=\"pbmit-featured-inner\">\r\n\t\t\t<div class=\"pbmit-featured-img-wrapper\"><div class=\"pbmit-featured-wrapper\"><a href=\"https:\/\/kochex.com\/en\/team-member\/merve-koc-senel\/\"><img decoding=\"async\" width=\"650\" height=\"620\" src=\"https:\/\/kochex.com\/wp-content\/uploads\/2024\/12\/merve-senel-1-650x620.png\" class=\"attachment-pbmit-img-650x620 size-pbmit-img-650x620 wp-post-image\" alt=\"\" \/><\/a><\/div><\/div>\t\t\t<a class=\"pbmit-link\" href=\"https:\/\/kochex.com\/en\/team-member\/merve-koc-senel\/\"><\/a>\r\n\t\t<\/div>\r\n\t<\/div>\r\n\t<div class=\"pbminfotech-box-content\">\r\n\t\t<div class=\"pbminfotech-box-content-inner\">\r\n\t\t\t<h3 class=\"pbmit-team-title\"><a href=\"https:\/\/kochex.com\/en\/team-member\/merve-koc-senel\/\">Merve KO\u00c7 \u015eENEL<\/a><\/h3>\r\n\t\t\t\t\t\t<div class=\"pbminfotech-box-team-position\">Direkt\u00f6r<\/div>\r\n\t\t\t\t\t<\/div>\r\n\t\t<div class=\"pbmit-team-btn\"><a class=\"pbmit-team-text\" href=\"#\"><i class=\"pbmit-base-icon-share\"><\/i><\/a>\r\n\t\t\t<div class=\"pbminfotech-box-social-links\">\r\n\t\t\t\t\t\t\t<\/div>\r\n\t\t<\/div>\r\n\t<\/div>\r\n<\/div><\/article><article class=\"pbmit-ele pbmit-ele-team pbmit-team-style-1 col-md-6 col-lg-4 col-xl-3  pbmit-even pbmit-col-odd\"><div class=\"pbminfotech-post-item\">\r\n\t<div class=\"pbmit-featured-wrap\">\r\n\t\t<div class=\"pbmit-featured-inner\">\r\n\t\t\t<div class=\"pbmit-featured-img-wrapper\"><div class=\"pbmit-featured-wrapper\"><a href=\"https:\/\/kochex.com\/en\/team-member\/ozlem-kalayci\/\"><img loading=\"lazy\" decoding=\"async\" width=\"650\" height=\"620\" src=\"https:\/\/kochex.com\/wp-content\/uploads\/2026\/03\/ozlemk-650x620.jpg\" class=\"attachment-pbmit-img-650x620 size-pbmit-img-650x620 wp-post-image\" alt=\"\" srcset=\"https:\/\/kochex.com\/wp-content\/uploads\/2026\/03\/ozlemk-650x620.jpg 650w, https:\/\/kochex.com\/wp-content\/uploads\/2026\/03\/ozlemk-14x12.jpg 14w\" sizes=\"(max-width: 650px) 100vw, 650px\" \/><\/a><\/div><\/div>\t\t\t<a class=\"pbmit-link\" href=\"https:\/\/kochex.com\/en\/team-member\/ozlem-kalayci\/\"><\/a>\r\n\t\t<\/div>\r\n\t<\/div>\r\n\t<div class=\"pbminfotech-box-content\">\r\n\t\t<div class=\"pbminfotech-box-content-inner\">\r\n\t\t\t<h3 class=\"pbmit-team-title\"><a href=\"https:\/\/kochex.com\/en\/team-member\/ozlem-kalayci\/\">\u00d6zlem KALAYCI<\/a><\/h3>\r\n\t\t\t\t\t\t<div class=\"pbminfotech-box-team-position\">Accounting Manager<\/div>\r\n\t\t\t\t\t<\/div>\r\n\t\t<div class=\"pbmit-team-btn\"><a class=\"pbmit-team-text\" href=\"#\"><i class=\"pbmit-base-icon-share\"><\/i><\/a>\r\n\t\t\t<div class=\"pbminfotech-box-social-links\">\r\n\t\t\t\t\t\t\t<\/div>\r\n\t\t<\/div>\r\n\t<\/div>\r\n<\/div><\/article><article class=\"pbmit-ele pbmit-ele-team pbmit-team-style-1 col-md-6 col-lg-4 col-xl-3  pbmit-odd pbmit-col-even\"><div class=\"pbminfotech-post-item\">\r\n\t<div class=\"pbmit-featured-wrap\">\r\n\t\t<div class=\"pbmit-featured-inner\">\r\n\t\t\t<div class=\"pbmit-featured-img-wrapper\"><div class=\"pbmit-featured-wrapper\"><a href=\"https:\/\/kochex.com\/en\/team-member\/mustafa-yildiz\/\"><img loading=\"lazy\" decoding=\"async\" width=\"650\" height=\"620\" src=\"https:\/\/kochex.com\/wp-content\/uploads\/2026\/03\/bos-650x620.jpg\" class=\"attachment-pbmit-img-650x620 size-pbmit-img-650x620 wp-post-image\" alt=\"\" srcset=\"https:\/\/kochex.com\/wp-content\/uploads\/2026\/03\/bos-650x620.jpg 650w, https:\/\/kochex.com\/wp-content\/uploads\/2026\/03\/bos-14x12.jpg 14w\" sizes=\"(max-width: 650px) 100vw, 650px\" \/><\/a><\/div><\/div>\t\t\t<a class=\"pbmit-link\" href=\"https:\/\/kochex.com\/en\/team-member\/mustafa-yildiz\/\"><\/a>\r\n\t\t<\/div>\r\n\t<\/div>\r\n\t<div class=\"pbminfotech-box-content\">\r\n\t\t<div class=\"pbminfotech-box-content-inner\">\r\n\t\t\t<h3 class=\"pbmit-team-title\"><a href=\"https:\/\/kochex.com\/en\/team-member\/mustafa-yildiz\/\">Mustafa YILDIZ<\/a><\/h3>\r\n\t\t\t\t\t\t<div class=\"pbminfotech-box-team-position\">Business Development Manager<\/div>\r\n\t\t\t\t\t<\/div>\r\n\t\t<div class=\"pbmit-team-btn\"><a class=\"pbmit-team-text\" href=\"#\"><i class=\"pbmit-base-icon-share\"><\/i><\/a>\r\n\t\t\t<div class=\"pbminfotech-box-social-links\">\r\n\t\t\t\t\t\t\t<\/div>\r\n\t\t<\/div>\r\n\t<\/div>\r\n<\/div><\/article><article class=\"pbmit-ele pbmit-ele-team pbmit-team-style-1 col-md-6 col-lg-4 col-xl-3  pbmit-even pbmit-col-even\"><div class=\"pbminfotech-post-item\">\r\n\t<div class=\"pbmit-featured-wrap\">\r\n\t\t<div class=\"pbmit-featured-inner\">\r\n\t\t\t<div class=\"pbmit-featured-img-wrapper\"><div class=\"pbmit-featured-wrapper\"><a href=\"https:\/\/kochex.com\/en\/team-member\/ebru-garip\/\"><img loading=\"lazy\" decoding=\"async\" width=\"650\" height=\"620\" src=\"https:\/\/kochex.com\/wp-content\/uploads\/2026\/03\/bos-650x620.jpg\" class=\"attachment-pbmit-img-650x620 size-pbmit-img-650x620 wp-post-image\" alt=\"\" srcset=\"https:\/\/kochex.com\/wp-content\/uploads\/2026\/03\/bos-650x620.jpg 650w, https:\/\/kochex.com\/wp-content\/uploads\/2026\/03\/bos-14x12.jpg 14w\" sizes=\"(max-width: 650px) 100vw, 650px\" \/><\/a><\/div><\/div>\t\t\t<a class=\"pbmit-link\" href=\"https:\/\/kochex.com\/en\/team-member\/ebru-garip\/\"><\/a>\r\n\t\t<\/div>\r\n\t<\/div>\r\n\t<div class=\"pbminfotech-box-content\">\r\n\t\t<div class=\"pbminfotech-box-content-inner\">\r\n\t\t\t<h3 class=\"pbmit-team-title\"><a href=\"https:\/\/kochex.com\/en\/team-member\/ebru-garip\/\">Ebru GAR\u0130P<\/a><\/h3>\r\n\t\t\t\t\t\t<div class=\"pbminfotech-box-team-position\">Operations Manager<\/div>\r\n\t\t\t\t\t<\/div>\r\n\t\t<div class=\"pbmit-team-btn\"><a class=\"pbmit-team-text\" href=\"#\"><i class=\"pbmit-base-icon-share\"><\/i><\/a>\r\n\t\t\t<div class=\"pbminfotech-box-social-links\">\r\n\t\t\t\t\t\t\t<\/div>\r\n\t\t<\/div>\r\n\t<\/div>\r\n<\/div><\/article><article class=\"pbmit-ele pbmit-ele-team pbmit-team-style-1 col-md-6 col-lg-4 col-xl-3  pbmit-odd pbmit-col-even\"><div class=\"pbminfotech-post-item\">\r\n\t<div class=\"pbmit-featured-wrap\">\r\n\t\t<div class=\"pbmit-featured-inner\">\r\n\t\t\t<div class=\"pbmit-featured-img-wrapper\"><div class=\"pbmit-featured-wrapper\"><a href=\"https:\/\/kochex.com\/en\/team-member\/aslihan-bolukbas\/\"><img loading=\"lazy\" decoding=\"async\" width=\"650\" height=\"620\" src=\"https:\/\/kochex.com\/wp-content\/uploads\/2026\/03\/bos-650x620.jpg\" class=\"attachment-pbmit-img-650x620 size-pbmit-img-650x620 wp-post-image\" alt=\"\" srcset=\"https:\/\/kochex.com\/wp-content\/uploads\/2026\/03\/bos-650x620.jpg 650w, https:\/\/kochex.com\/wp-content\/uploads\/2026\/03\/bos-14x12.jpg 14w\" sizes=\"(max-width: 650px) 100vw, 650px\" \/><\/a><\/div><\/div>\t\t\t<a class=\"pbmit-link\" href=\"https:\/\/kochex.com\/en\/team-member\/aslihan-bolukbas\/\"><\/a>\r\n\t\t<\/div>\r\n\t<\/div>\r\n\t<div class=\"pbminfotech-box-content\">\r\n\t\t<div class=\"pbminfotech-box-content-inner\">\r\n\t\t\t<h3 class=\"pbmit-team-title\"><a href=\"https:\/\/kochex.com\/en\/team-member\/aslihan-bolukbas\/\">Asl\u0131han B\u00d6L\u00dcKBA\u015e<\/a><\/h3>\r\n\t\t\t\t\t\t<div class=\"pbminfotech-box-team-position\">Assistant Export Operations Manager<\/div>\r\n\t\t\t\t\t<\/div>\r\n\t\t<div class=\"pbmit-team-btn\"><a class=\"pbmit-team-text\" href=\"#\"><i class=\"pbmit-base-icon-share\"><\/i><\/a>\r\n\t\t\t<div class=\"pbminfotech-box-social-links\">\r\n\t\t\t\t\t\t\t<\/div>\r\n\t\t<\/div>\r\n\t<\/div>\r\n<\/div><\/article><article class=\"pbmit-ele pbmit-ele-team pbmit-team-style-1 col-md-6 col-lg-4 col-xl-3  pbmit-even pbmit-col-even\"><div class=\"pbminfotech-post-item\">\r\n\t<div class=\"pbmit-featured-wrap\">\r\n\t\t<div class=\"pbmit-featured-inner\">\r\n\t\t\t<div class=\"pbmit-featured-img-wrapper\"><div class=\"pbmit-featured-wrapper\"><a href=\"https:\/\/kochex.com\/en\/team-member\/hanife-yerebasmaz\/\"><img loading=\"lazy\" decoding=\"async\" width=\"650\" height=\"620\" src=\"https:\/\/kochex.com\/wp-content\/uploads\/2026\/03\/hanife-650x620.jpg\" class=\"attachment-pbmit-img-650x620 size-pbmit-img-650x620 wp-post-image\" alt=\"\" srcset=\"https:\/\/kochex.com\/wp-content\/uploads\/2026\/03\/hanife-650x620.jpg 650w, https:\/\/kochex.com\/wp-content\/uploads\/2026\/03\/hanife-14x12.jpg 14w\" sizes=\"(max-width: 650px) 100vw, 650px\" \/><\/a><\/div><\/div>\t\t\t<a class=\"pbmit-link\" href=\"https:\/\/kochex.com\/en\/team-member\/hanife-yerebasmaz\/\"><\/a>\r\n\t\t<\/div>\r\n\t<\/div>\r\n\t<div class=\"pbminfotech-box-content\">\r\n\t\t<div class=\"pbminfotech-box-content-inner\">\r\n\t\t\t<h3 class=\"pbmit-team-title\"><a href=\"https:\/\/kochex.com\/en\/team-member\/hanife-yerebasmaz\/\">Hanife YEREBASMAZ<\/a><\/h3>\r\n\t\t\t\t\t\t<div class=\"pbminfotech-box-team-position\">Kara \/ Tedarik Operasyonlar\u0131 Y\u00f6netici Yard\u0131mc\u0131s\u0131<\/div>\r\n\t\t\t\t\t<\/div>\r\n\t\t<div class=\"pbmit-team-btn\"><a class=\"pbmit-team-text\" href=\"#\"><i class=\"pbmit-base-icon-share\"><\/i><\/a>\r\n\t\t\t<div class=\"pbminfotech-box-social-links\">\r\n\t\t\t\t\t\t\t<\/div>\r\n\t\t<\/div>\r\n\t<\/div>\r\n<\/div><\/article><article class=\"pbmit-ele pbmit-ele-team pbmit-team-style-1 col-md-6 col-lg-4 col-xl-3  pbmit-odd pbmit-col-odd\"><div class=\"pbminfotech-post-item\">\r\n\t<div class=\"pbmit-featured-wrap\">\r\n\t\t<div class=\"pbmit-featured-inner\">\r\n\t\t\t<div class=\"pbmit-featured-img-wrapper\"><div class=\"pbmit-featured-wrapper\"><a href=\"https:\/\/kochex.com\/en\/team-member\/tamer-eyigel\/\"><img loading=\"lazy\" decoding=\"async\" width=\"650\" height=\"620\" src=\"https:\/\/kochex.com\/wp-content\/uploads\/2026\/03\/foto-kopya-650x620.jpg\" class=\"attachment-pbmit-img-650x620 size-pbmit-img-650x620 wp-post-image\" alt=\"\" srcset=\"https:\/\/kochex.com\/wp-content\/uploads\/2026\/03\/foto-kopya-650x620.jpg 650w, https:\/\/kochex.com\/wp-content\/uploads\/2026\/03\/foto-kopya-14x12.jpg 14w\" sizes=\"(max-width: 650px) 100vw, 650px\" \/><\/a><\/div><\/div>\t\t\t<a class=\"pbmit-link\" href=\"https:\/\/kochex.com\/en\/team-member\/tamer-eyigel\/\"><\/a>\r\n\t\t<\/div>\r\n\t<\/div>\r\n\t<div class=\"pbminfotech-box-content\">\r\n\t\t<div class=\"pbminfotech-box-content-inner\">\r\n\t\t\t<h3 class=\"pbmit-team-title\"><a href=\"https:\/\/kochex.com\/en\/team-member\/tamer-eyigel\/\">Tamer EY\u0130GEL<\/a><\/h3>\r\n\t\t\t\t\t\t<div class=\"pbminfotech-box-team-position\">Assistant Import &amp; Operations Manager<\/div>\r\n\t\t\t\t\t<\/div>\r\n\t\t<div class=\"pbmit-team-btn\"><a class=\"pbmit-team-text\" href=\"#\"><i class=\"pbmit-base-icon-share\"><\/i><\/a>\r\n\t\t\t<div class=\"pbminfotech-box-social-links\">\r\n\t\t\t\t\t\t\t<\/div>\r\n\t\t<\/div>\r\n\t<\/div>\r\n<\/div><\/article><article class=\"pbmit-ele pbmit-ele-team pbmit-team-style-1 col-md-6 col-lg-4 col-xl-3  pbmit-even pbmit-col-odd\"><div class=\"pbminfotech-post-item\">\r\n\t<div class=\"pbmit-featured-wrap\">\r\n\t\t<div class=\"pbmit-featured-inner\">\r\n\t\t\t<div class=\"pbmit-featured-img-wrapper\"><div class=\"pbmit-featured-wrapper\"><a href=\"https:\/\/kochex.com\/en\/team-member\/sezer-emir\/\"><img loading=\"lazy\" decoding=\"async\" width=\"650\" height=\"620\" src=\"https:\/\/kochex.com\/wp-content\/uploads\/2026\/03\/sezer-650x620.jpg\" class=\"attachment-pbmit-img-650x620 size-pbmit-img-650x620 wp-post-image\" alt=\"\" srcset=\"https:\/\/kochex.com\/wp-content\/uploads\/2026\/03\/sezer-650x620.jpg 650w, https:\/\/kochex.com\/wp-content\/uploads\/2026\/03\/sezer-14x12.jpg 14w\" sizes=\"(max-width: 650px) 100vw, 650px\" \/><\/a><\/div><\/div>\t\t\t<a class=\"pbmit-link\" href=\"https:\/\/kochex.com\/en\/team-member\/sezer-emir\/\"><\/a>\r\n\t\t<\/div>\r\n\t<\/div>\r\n\t<div class=\"pbminfotech-box-content\">\r\n\t\t<div class=\"pbminfotech-box-content-inner\">\r\n\t\t\t<h3 class=\"pbmit-team-title\"><a href=\"https:\/\/kochex.com\/en\/team-member\/sezer-emir\/\">Sezer EM\u0130R<\/a><\/h3>\r\n\t\t\t\t\t\t<div class=\"pbminfotech-box-team-position\">Human Resources Specialist<\/div>\r\n\t\t\t\t\t<\/div>\r\n\t\t<div class=\"pbmit-team-btn\"><a class=\"pbmit-team-text\" href=\"#\"><i class=\"pbmit-base-icon-share\"><\/i><\/a>\r\n\t\t\t<div class=\"pbminfotech-box-social-links\">\r\n\t\t\t\t\t\t\t<\/div>\r\n\t\t<\/div>\r\n\t<\/div>\r\n<\/div><\/article><article class=\"pbmit-ele pbmit-ele-team pbmit-team-style-1 col-md-6 col-lg-4 col-xl-3  pbmit-odd pbmit-col-odd\"><div class=\"pbminfotech-post-item\">\r\n\t<div class=\"pbmit-featured-wrap\">\r\n\t\t<div class=\"pbmit-featured-inner\">\r\n\t\t\t<div class=\"pbmit-featured-img-wrapper\"><div class=\"pbmit-featured-wrapper\"><a href=\"https:\/\/kochex.com\/en\/team-member\/sinan-sahin\/\"><img loading=\"lazy\" decoding=\"async\" width=\"650\" height=\"620\" src=\"https:\/\/kochex.com\/wp-content\/uploads\/2026\/03\/sinan-650x620.jpg\" class=\"attachment-pbmit-img-650x620 size-pbmit-img-650x620 wp-post-image\" alt=\"\" srcset=\"https:\/\/kochex.com\/wp-content\/uploads\/2026\/03\/sinan-650x620.jpg 650w, https:\/\/kochex.com\/wp-content\/uploads\/2026\/03\/sinan-14x12.jpg 14w\" sizes=\"(max-width: 650px) 100vw, 650px\" \/><\/a><\/div><\/div>\t\t\t<a class=\"pbmit-link\" href=\"https:\/\/kochex.com\/en\/team-member\/sinan-sahin\/\"><\/a>\r\n\t\t<\/div>\r\n\t<\/div>\r\n\t<div class=\"pbminfotech-box-content\">\r\n\t\t<div class=\"pbminfotech-box-content-inner\">\r\n\t\t\t<h3 class=\"pbmit-team-title\"><a href=\"https:\/\/kochex.com\/en\/team-member\/sinan-sahin\/\">Sinan \u015eAH\u0130N<\/a><\/h3>\r\n\t\t\t\t\t\t<div class=\"pbminfotech-box-team-position\">Assistant Purchasing Manager<\/div>\r\n\t\t\t\t\t<\/div>\r\n\t\t<div class=\"pbmit-team-btn\"><a class=\"pbmit-team-text\" href=\"#\"><i class=\"pbmit-base-icon-share\"><\/i><\/a>\r\n\t\t\t<div class=\"pbminfotech-box-social-links\">\r\n\t\t\t\t\t\t\t<\/div>\r\n\t\t<\/div>\r\n\t<\/div>\r\n<\/div><\/article>\t\t\t\t\t\r\n\t\t\t<\/div>\r\n\t\t\t\t\t\t\t\t\t<\/div><!-- .pbmit-element-inner -->\r\n\t\t\t<\/div><!-- .pbminfotech-element -->\r\n\t\t\t\t\t\t\t\t\t<\/div>\n\t\t\t\t<\/div>\n\t\t\t\t\t<\/div>\n\t\t\t\t<\/div>\n\t\t\t\t<\/div>","protected":false},"excerpt":{"rendered":"<p>{&#8220;cpt&#8221;:&#8221;team&#8221;,&#8221;style&#8221;:&#8221;1&#8243;,&#8221;columns&#8221;:&#8221;4&#8243;,&#8221;show&#8221;:13,&#8221;order&#8221;:&#8221;ASC&#8221;,&#8221;orderby&#8221;:&#8221;none&#8221;} Sinan \u015eahin Sat\u0131n Alma Y\u00f6netici Yard\u0131mc\u0131s\u0131 Tamer Eyigel \u0130thalat &amp; Operasyon Y\u00f6netici Yard\u0131mc\u0131s\u0131 Sezer Emir \u0130nsan Kaynaklar\u0131 Uzman\u0131<\/p>","protected":false},"author":1,"featured_media":0,"parent":0,"menu_order":7,"comment_status":"closed","ping_status":"closed","template":"","meta":{"_acf_changed":false,"inline_featured_image":false,"footnotes":""},"class_list":["post-79","page","type-page","status-publish","hentry"],"acf":[],"_links":{"self":[{"href":"https:\/\/kochex.com\/en\/wp-json\/wp\/v2\/pages\/79","targetHints":{"allow":["GET"]}}],"collection":[{"href":"https:\/\/kochex.com\/en\/wp-json\/wp\/v2\/pages"}],"about":[{"href":"https:\/\/kochex.com\/en\/wp-json\/wp\/v2\/types\/page"}],"author":[{"embeddable":true,"href":"https:\/\/kochex.com\/en\/wp-json\/wp\/v2\/users\/1"}],"replies":[{"embeddable":true,"href":"https:\/\/kochex.com\/en\/wp-json\/wp\/v2\/comments?post=79"}],"version-history":[{"count":16,"href":"https:\/\/kochex.com\/en\/wp-json\/wp\/v2\/pages\/79\/revisions"}],"predecessor-version":[{"id":1551,"href":"https:\/\/kochex.com\/en\/wp-json\/wp\/v2\/pages\/79\/revisions\/1551"}],"wp:attachment":[{"href":"https:\/\/kochex.com\/en\/wp-json\/wp\/v2\/media?parent=79"}],"curies":[{"name":"wp","href":"https:\/\/api.w.org\/{rel}","templated":true}]}}