{"id":80,"date":"2025-01-31T11:32:21","date_gmt":"2025-01-31T11:32:21","guid":{"rendered":"http:\/\/shipex-demo.pbminfotech.com\/demo1\/?page_id=7183"},"modified":"2026-01-12T16:32:31","modified_gmt":"2026-01-12T13:32:31","slug":"politikalarimiz","status":"publish","type":"page","link":"https:\/\/kochex.com\/en\/politikalarimiz\/","title":{"rendered":"Policies"},"content":{"rendered":"<div data-elementor-type=\"wp-page\" data-elementor-id=\"80\" class=\"elementor elementor-80\" data-elementor-post-type=\"page\">\n\t\t\t\t<div class=\"elementor-element elementor-element-514c18f pbmit-accordaian-2 pbmit-bg-color-over-image e-flex e-con-boxed e-con e-parent\" data-id=\"514c18f\" data-element_type=\"container\">\n\t\t\t\t\t<div class=\"e-con-inner\">\n\t\t\t\t<div class=\"elementor-element elementor-element-9baae06 elementor-widget elementor-widget-pbmit_heading\" data-id=\"9baae06\" data-element_type=\"widget\" data-widget_type=\"pbmit_heading.default\">\n\t\t\t\t<div class=\"elementor-widget-container\">\n\t\t\t\t\t <div class=\"pbmit-heading-subheading pbmit-reverse-heading-yes\"><h4 class=\"pbmit-element-subtitle\"><span>\r\n\t\t\t\t<\/span>\r\n\t\t\t\t\r\n\t\t\t\t\tPolicies\r\n\t\t\t\t\r\n\t\t\t\t<\/h4>\r\n\t\t\t<h2 class=\"pbmit-element-title\">\r\n\t\t\t\t\r\n\t\t\t\t\tQuality Policy\r\n\t\t\t\t\r\n\t\t\t\t<\/h2>\r\n\t\t\t<div class=\"pbmit-heading-desc\">Kochex, yenilik\u00e7i vizyonu ve s\u00fcrekli geli\u015fim ilkesiyle lojistik sekt\u00f6r\u00fcne y\u00f6n veren dinamik bir kurulu\u015ftur. Teknolojiye (IT) yapt\u0131\u011f\u0131m\u0131z yat\u0131r\u0131mlar sayesinde s\u00fcre\u00e7lerimizi dijitalle\u015ftirerek m\u00fc\u015fterilerimize h\u0131zl\u0131, g\u00fcvenilir ve tam \u015feffafl\u0131k ilkesiyle hizmet sunuyoruz.\n\n\"En de\u011ferli sermayemiz insan kayna\u011f\u0131m\u0131zd\u0131r\" yakla\u015f\u0131m\u0131n\u0131 benimseyen Koch Lojistik A.\u015e., \u015fof\u00f6rlerine sa\u011flad\u0131\u011f\u0131 y\u00fcksek standartlardaki \u00e7al\u0131\u015fma ko\u015fullar\u0131yla g\u00fc\u00e7l\u00fc bir aile k\u00fclt\u00fcr\u00fc olu\u015fturmu\u015ftur. 7\/24 kesintisiz ileti\u015fim a\u011f\u0131m\u0131z sayesinde operasyonlar\u0131m\u0131z\u0131n g\u00fcvenli\u011fini ve zaman\u0131nda teslimat performans\u0131m\u0131z\u0131 en \u00fcst seviyede tutuyoruz.<\/div><\/div>\t\t\t\t<\/div>\n\t\t\t\t<\/div>\n\t\t\t\t\t<\/div>\n\t\t\t\t<\/div>\n\t\t<div class=\"elementor-element elementor-element-ca04d91 pbmit-accordaian-2 pbmit-bg-color-over-image e-flex e-con-boxed e-con e-parent\" data-id=\"ca04d91\" data-element_type=\"container\">\n\t\t\t\t\t<div class=\"e-con-inner\">\n\t\t\t\t<div class=\"elementor-element elementor-element-1f98023 elementor-widget elementor-widget-pbmit_heading\" data-id=\"1f98023\" data-element_type=\"widget\" data-widget_type=\"pbmit_heading.default\">\n\t\t\t\t<div class=\"elementor-widget-container\">\n\t\t\t\t\t <div class=\"pbmit-heading-subheading pbmit-reverse-heading-yes\"><h4 class=\"pbmit-element-subtitle\"><span>\r\n\t\t\t\t<\/span>\r\n\t\t\t\t\r\n\t\t\t\t\tWe are Environmentally Responsible\r\n\t\t\t\t\r\n\t\t\t\t<\/h4>\r\n\t\t\t<h2 class=\"pbmit-element-title\">\r\n\t\t\t\t\r\n\t\t\t\t\tEnvironmental Policies\r\n\t\t\t\t\r\n\t\t\t\t<\/h2>\r\n\t\t\t<div class=\"pbmit-heading-desc\">Acting with the responsibility of protecting the ecosystem, Kochex conducts all its operational activities in a way that minimizes negative environmental impacts. Carbon emission management is at the heart of our sustainability strategy. In this direction:Green Fleet: Our entire self-owned vehicle fleet features Euro 5 and Euro 6 engine technology in accordance with EU standards and is documented with a \"Green Certificate.\"Emission Management: The $CO_{2}$ and exhaust emission tests of our vehicles are regularly inspected and reported by manufacturer representatives, T\u00dcVT\u00dcRK, and relevant official authorities.Waste Management: Tires that have completed their service life and waste oils are delivered to recycling facilities and authorized organizations in accordance with environmental legislation to be reclaimed by nature.Water Conservation: Water used for vehicle cleaning is kept in our special storage systems and discharged into waste water tanks compliant with \u0130SK\u0130 and municipal standards; this prevents the pollution of groundwater.Legal Compliance: In all our transport activities, legal tonnage limits are strictly followed to protect environmental wear and road safety standards.<\/div><\/div>\t\t\t\t<\/div>\n\t\t\t\t<\/div>\n\t\t<div class=\"elementor-element elementor-element-a2afa2e e-con-full pbmit-bg-color-over-image e-flex e-con e-child\" data-id=\"a2afa2e\" data-element_type=\"container\">\n\t\t<div class=\"elementor-element elementor-element-184f0da pbmit-accordaian-2 e-con-full pbmit-bg-color-over-image e-flex e-con e-child\" data-id=\"184f0da\" data-element_type=\"container\">\n\t\t\t\t<div class=\"elementor-element elementor-element-f4363f8 elementor-widget elementor-widget-pbmit_heading\" data-id=\"f4363f8\" data-element_type=\"widget\" data-widget_type=\"pbmit_heading.default\">\n\t\t\t\t<div class=\"elementor-widget-container\">\n\t\t\t\t\t <div class=\"pbmit-heading-subheading pbmit-reverse-heading-yes\"><h4 class=\"pbmit-element-subtitle\"><span>\r\n\t\t\t\t<\/span>\r\n\t\t\t\t\r\n\t\t\t\t\tOur Responsibilities\r\n\t\t\t\t\r\n\t\t\t\t<\/h4>\r\n\t\t\t<h2 class=\"pbmit-element-title\">\r\n\t\t\t\t\r\n\t\t\t\t\tOur Social Responsibilities\r\n\t\t\t\t\r\n\t\t\t\t<\/h2>\r\n\t\t\t<div class=\"pbmit-heading-desc\">Gemini \u015funu dedi:\nWith the aim of building a more livable future, Kochex actively supports contemporary education, sports, and arts projects that improve social quality of life.\n\nWe believe that education is the cornerstone of our country's development. In this context, we support the academic journeys of successful university students in need of financial assistance through scholarships, meals, and clothing aid. We aim to expand this support program, which continues until graduation, by involving our stakeholders in the upcoming period to reach even more young people.<\/div><\/div>\t\t\t\t<\/div>\n\t\t\t\t<\/div>\n\t\t\t\t<div class=\"elementor-element elementor-element-a63d480 elementor-widget elementor-widget-n-accordion\" data-id=\"a63d480\" data-element_type=\"widget\" data-settings=\"{&quot;n_accordion_animation_duration&quot;:{&quot;unit&quot;:&quot;ms&quot;,&quot;size&quot;:500,&quot;sizes&quot;:[]},&quot;default_state&quot;:&quot;expanded&quot;,&quot;max_items_expended&quot;:&quot;one&quot;}\" data-widget_type=\"nested-accordion.default\">\n\t\t\t\t<div class=\"elementor-widget-container\">\n\t\t\t\t\t\t\t<div class=\"e-n-accordion\" aria-label=\"Accordion. Open links with Enter or Space, close with Escape, and navigate with Arrow Keys\">\n\t\t\t\t\t\t<details id=\"e-n-accordion-item-1740\" class=\"e-n-accordion-item\" open>\n\t\t\t\t<summary class=\"e-n-accordion-item-title\" data-accordion-index=\"1\" tabindex=\"0\" aria-expanded=\"true\" aria-controls=\"e-n-accordion-item-1740\" >\n\t\t\t\t\t<span class='e-n-accordion-item-title-header'><div class=\"e-n-accordion-item-title-text\"> Personal Data Protection (KVKK) Clarification Text <\/div><\/span>\n\t\t\t\t\t\t\t<span class='e-n-accordion-item-title-icon'>\n\t\t\t<span class='e-opened' ><svg aria-hidden=\"true\" class=\"e-font-icon-svg e-fas-minus\" viewbox=\"0 0 448 512\" xmlns=\"http:\/\/www.w3.org\/2000\/svg\"><path d=\"M416 208H32c-17.67 0-32 14.33-32 32v32c0 17.67 14.33 32 32 32h384c17.67 0 32-14.33 32-32v-32c0-17.67-14.33-32-32-32z\"><\/path><\/svg><\/span>\n\t\t\t<span class='e-closed'><svg aria-hidden=\"true\" class=\"e-font-icon-svg e-fas-plus\" viewbox=\"0 0 448 512\" xmlns=\"http:\/\/www.w3.org\/2000\/svg\"><path d=\"M416 208H272V64c0-17.67-14.33-32-32-32h-32c-17.67 0-32 14.33-32 32v144H32c-17.67 0-32 14.33-32 32v32c0 17.67 14.33 32 32 32h144v144c0 17.67 14.33 32 32 32h32c17.67 0 32-14.33 32-32V304h144c17.67 0 32-14.33 32-32v-32c0-17.67-14.33-32-32-32z\"><\/path><\/svg><\/span>\n\t\t<\/span>\n\n\t\t\t\t\t\t<\/summary>\n\t\t\t\t<div role=\"region\" aria-labelledby=\"e-n-accordion-item-1740\" class=\"elementor-element elementor-element-b1afde8 e-con-full pbmit-bg-color-over-image e-flex e-con e-child\" data-id=\"b1afde8\" data-element_type=\"container\">\n\t\t<div role=\"region\" aria-labelledby=\"e-n-accordion-item-1740\" class=\"elementor-element elementor-element-cf92ea6 pbmit-bg-color-over-image e-flex e-con-boxed e-con e-child\" data-id=\"cf92ea6\" data-element_type=\"container\">\n\t\t\t\t\t<div class=\"e-con-inner\">\n\t\t\t\t<div class=\"elementor-element elementor-element-6b4a2a9 elementor-widget elementor-widget-text-editor\" data-id=\"6b4a2a9\" data-element_type=\"widget\" data-widget_type=\"text-editor.default\">\n\t\t\t\t<div class=\"elementor-widget-container\">\n\t\t\t\t\t\t\t\t\t<p data-path-to-node=\"15\"><b data-path-to-node=\"15\" data-index-in-node=\"0\">Koch Lojistik A.\u015e. (Kochex)<\/b> As the Data Controller under the Law on the Protection of Personal Data No. 6698 (KVKK), we commit to protecting the fundamental rights and freedoms of our employees, candidates, customers, and business partners.<\/p>\n<p data-path-to-node=\"16\"><b data-path-to-node=\"16\" data-index-in-node=\"0\">Data Processing Principles:<\/b> Your personal data is processed in accordance with the law and the principles of honesty, for specific, clear, and legitimate purposes, and in a manner that is relevant and proportionate to the purpose for which it is processed. Your data is stored in our secure systems for the periods prescribed by legal legislation.<\/p>\n<p data-path-to-node=\"17\"><b data-path-to-node=\"17\" data-index-in-node=\"0\">Processing Purposes and Transfer:<\/b> The collected data is used for the execution of our logistics services, the determination of commercial strategies, the implementation of our Human Resources policies, and the performance of operational analyses. Your data may be shared with relevant public institutions (SGK, ministries, judicial authorities, etc.), banks, and insurance companies to fulfill our legal obligations, within the scope of Articles 8 and 9 of the KVKK, both domestically or abroad.<\/p>\n<p data-path-to-node=\"18\"><b data-path-to-node=\"18\" data-index-in-node=\"0\">Data Subject Rights:<\/b> In accordance with Article 11 of the KVKK, you have the right to learn whether your data is being processed, to request correction, or to demand its erasure. You may submit your requests in person or through a notary public. <b data-path-to-node=\"18\" data-index-in-node=\"211\">Koch Lojistik A.\u015e.<\/b> can be forwarded to our headquarters address.<\/p>\n<p data-path-to-node=\"19\"><b data-path-to-node=\"19\" data-index-in-node=\"0\">External Links:<\/b> we are not responsible for the data protection policies of third-party sites redirected through our website. <b data-path-to-node=\"19\" data-index-in-node=\"105\">Kochex<\/b> We recommend reviewing the privacy notices of those relevant sites.<\/p>\t\t\t\t\t\t\t\t<\/div>\n\t\t\t\t<\/div>\n\t\t\t\t\t<\/div>\n\t\t\t\t<\/div>\n\t\t\t\t<\/div>\n\t\t\t\t\t<\/details>\n\t\t\t\t\t<\/div>\n\t\t\t\t\t\t<\/div>\n\t\t\t\t<\/div>\n\t\t<div class=\"elementor-element elementor-element-5284a77 e-con-full pbmit-bg-color-over-image e-flex e-con e-child\" data-id=\"5284a77\" data-element_type=\"container\">\n\t\t\t\t<\/div>\n\t\t\t\t<\/div>\n\t\t\t\t<\/div>\n\t\t\t\t\t<\/div>\n\t\t\t\t<\/div>\n\t\t\t\t<\/div>","protected":false},"excerpt":{"rendered":"<p>Politikalar\u0131m\u0131z Kalite Politikam\u0131z Kochex, yenilik\u00e7i vizyonu ve s\u00fcrekli geli\u015fim ilkesiyle lojistik sekt\u00f6r\u00fcne y\u00f6n veren dinamik bir kurulu\u015ftur. Teknolojiye (IT) yapt\u0131\u011f\u0131m\u0131z yat\u0131r\u0131mlar sayesinde s\u00fcre\u00e7lerimizi dijitalle\u015ftirerek m\u00fc\u015fterilerimize h\u0131zl\u0131, g\u00fcvenilir ve tam \u015feffafl\u0131k ilkesiyle hizmet sunuyoruz. &#8220;En de\u011ferli sermayemiz insan kayna\u011f\u0131m\u0131zd\u0131r&#8221; yakla\u015f\u0131m\u0131n\u0131 benimseyen Koch Lojistik A.\u015e., \u015fof\u00f6rlerine sa\u011flad\u0131\u011f\u0131 y\u00fcksek standartlardaki \u00e7al\u0131\u015fma ko\u015fullar\u0131yla g\u00fc\u00e7l\u00fc bir aile k\u00fclt\u00fcr\u00fc olu\u015fturmu\u015ftur. 7\/24 [&hellip;]<\/p>\n","protected":false},"author":1,"featured_media":0,"parent":0,"menu_order":8,"comment_status":"closed","ping_status":"closed","template":"","meta":{"_acf_changed":false,"inline_featured_image":false,"footnotes":""},"class_list":["post-80","page","type-page","status-publish","hentry"],"acf":[],"_links":{"self":[{"href":"https:\/\/kochex.com\/en\/wp-json\/wp\/v2\/pages\/80","targetHints":{"allow":["GET"]}}],"collection":[{"href":"https:\/\/kochex.com\/en\/wp-json\/wp\/v2\/pages"}],"about":[{"href":"https:\/\/kochex.com\/en\/wp-json\/wp\/v2\/types\/page"}],"author":[{"embeddable":true,"href":"https:\/\/kochex.com\/en\/wp-json\/wp\/v2\/users\/1"}],"replies":[{"embeddable":true,"href":"https:\/\/kochex.com\/en\/wp-json\/wp\/v2\/comments?post=80"}],"version-history":[{"count":13,"href":"https:\/\/kochex.com\/en\/wp-json\/wp\/v2\/pages\/80\/revisions"}],"predecessor-version":[{"id":813,"href":"https:\/\/kochex.com\/en\/wp-json\/wp\/v2\/pages\/80\/revisions\/813"}],"wp:attachment":[{"href":"https:\/\/kochex.com\/en\/wp-json\/wp\/v2\/media?parent=80"}],"curies":[{"name":"wp","href":"https:\/\/api.w.org\/{rel}","templated":true}]}}