{"id":91,"date":"2025-01-31T06:48:15","date_gmt":"2025-01-31T06:48:15","guid":{"rendered":"http:\/\/shipex-demo.pbminfotech.com\/demo1\/?page_id=6832"},"modified":"2026-03-14T15:40:26","modified_gmt":"2026-03-14T12:40:26","slug":"basinda-biz","status":"publish","type":"page","link":"https:\/\/kochex.com\/en\/basinda-biz\/","title":{"rendered":"We in the Press"},"content":{"rendered":"<div data-elementor-type=\"wp-page\" data-elementor-id=\"91\" class=\"elementor elementor-91\" data-elementor-post-type=\"page\">\n\t\t\t\t<div class=\"elementor-element elementor-element-8eb44e3 pbmit-bg-color-over-image e-flex e-con-boxed e-con e-parent\" data-id=\"8eb44e3\" data-element_type=\"container\">\n\t\t\t\t\t<div class=\"e-con-inner\">\n\t\t\t\t<div class=\"elementor-element elementor-element-13ce3ce elementor-widget elementor-widget-pbmit_blog_element\" data-id=\"13ce3ce\" data-element_type=\"widget\" data-widget_type=\"pbmit_blog_element.default\">\n\t\t\t\t<div class=\"elementor-widget-container\">\n\t\t\t\t\t\t\t\t<div class=\"pbminfotech-element\t\t\t\tpbminfotech-element-blog\t\t\t\tpbmit-element-blog-style-1\t\t\t\tpbmit-element-viewtype-row-column\t\t\t\tpbmit-element-column-four\t\t\t\tpbmit-element-sticky-carousel-false\t\t\t\tpbmit-element-caroursel-dot-false\t\t\t\tpbmit-infinite-scroll-no\t\t\t\tpbmit-infinite-scroll-button-no\t\t\t\tpbminfotech-gap-default\"\r\n\t\t\t\tdata-cpt=\"blog\"\r\n\t\t\t\tdata-totalpagination=\"1\"\r\n\t\t\t\tdata-style=\"1\"\r\n\t\t\t\tdata-show=\"7\"\r\n\t\t\t\tdata-columns=\"4\"\r\n\t\t\t\tdata-loop=\"false\"\r\n\t\t\t\tdata-autoplay=\"false\"\r\n\t\t\t\tdata-center=\"false\"\r\n\t\t\t\tdata-nav=\"false\"\r\n\t\t\t\tdata-dots=\"false\"\r\n\t\t\t\tdata-reverse=\"false\"\r\n\t\t\t\tdata-speed=\"1000\"\r\n\t\t\t\tdata-delay=\"4000\"\r\n\t\t\t\tdata-margin=\"default\"\r\n\t\t\t\tdata-show-portion=\"false\">\r\n\t\t\t\t<div class=\"pbmit-element-inner\">\r\n\t\t\t\t\t<div class=\"pbmit-ele-header-area\">\r\n\t\t\t <div class=\"pbmit-heading-subheading\"><\/div>\t\t\t\t\t<\/div>\r\n\t\t<div class=\"pbmit-infinite-scroll-data\">{\"cpt\":\"blog\",\"style\":\"1\",\"columns\":\"4\",\"show\":7,\"order\":\"DESC\",\"orderby\":\"none\"}<\/div>\t\t\t<div class=\"pbmit-element-posts-wrapper multi-columns-row row\">\r\n\t\t\t\t\r\n\t\t\t\t\t<article class=\"pbmit-ele pbmit-ele-blog pbmit-blog-style-1 col-md-6 col-lg-4 col-xl-3 genel pbmit-term-1 pbmit-odd pbmit-col-odd\"><div class=\"post-item\">\r\n\t<div class=\"pbminfotech-box-content\">\r\n\t\t<div class= \"pbmit-date-wraper d-flex align-items-center\">\r\n\t\t\t<div class=\"pbmit-meta-category-wrapper pbmit-meta-line\">\r\n\t\t\t\t<div class=\"pbmit-meta-category\"><a href=\"https:\/\/kochex.com\/en\/category\/genel\/\" rel=\"category tag\">News<\/a><\/div>\r\n\t\t\t<\/div>\r\n\t\t\t<div class=\"pbmit-date-author-wrapper\">\r\n\t\t\t\t<div class=\"pbmit-meta-author pbmit-meta-line\">\r\n\t\t\t\t\t<span class=\"pbmit-post-author\">Koch Lojistik<\/span>\r\n\t\t\t\t<\/div>\t\t\r\n\t\t\t\t<div class=\"pbmit-meta-date-wrapper pbmit-meta-line\">\r\n\t\t\t\t\t<div class=\"pbmit-meta-date\">\r\n\t\t\t\t\t\t<span class=\"pbmit-post-date\">24  Mar, 2026<\/span>\r\n\t\t\t\t\t<\/div>\r\n\t\t\t\t<\/div>\r\n\t\t\t<\/div>\r\n\t\t<\/div>\r\n\t\t<div class=\"pbmit-featured-container\">\r\n\t\t\t<div class=\"pbmit-featured-img-wrapper\"><div class=\"pbmit-featured-wrapper\"><a href=\"https:\/\/kochex.com\/en\/2026\/03\/24\/kochex-global-vizyonu-dogrultusunda-tirsan-ile-gucleniyor-filodaki-tirsan-sayisi-106ya-ulasti\/\"><img fetchpriority=\"high\" decoding=\"async\" width=\"800\" height=\"540\" src=\"https:\/\/kochex.com\/wp-content\/uploads\/2026\/03\/1774262061179-800x540.jpg\" class=\"attachment-pbmit-img-800x540 size-pbmit-img-800x540 wp-post-image\" alt=\"\" srcset=\"https:\/\/kochex.com\/wp-content\/uploads\/2026\/03\/1774262061179-800x540.jpg 800w, https:\/\/kochex.com\/wp-content\/uploads\/2026\/03\/1774262061179-18x12.jpg 18w\" sizes=\"(max-width: 800px) 100vw, 800px\" \/><\/a><\/div><\/div>\t\t\t\r\n\t\t<\/div>\r\n\t\t<div class=\"pbmit-content-wrapper\">\t\r\n\t\t\t<h3 class=\"pbmit-post-title\"><a href=\"https:\/\/kochex.com\/en\/2026\/03\/24\/kochex-global-vizyonu-dogrultusunda-tirsan-ile-gucleniyor-filodaki-tirsan-sayisi-106ya-ulasti\/\">Kochex, Global Vizyonu Do\u011frultusunda T\u0131rsan ile G\u00fc\u00e7leniyor: Filodaki T\u0131rsan Say\u0131s\u0131 106\u2019ya Ula\u015ft\u0131<\/a><\/h3>\r\n\t\t\t<div class=\"pbmit-blog-button\">\r\n\t\t\t\t<a class=\"pbmit-button-inner\" href=\"https:\/\/kochex.com\/en\/2026\/03\/24\/kochex-global-vizyonu-dogrultusunda-tirsan-ile-gucleniyor-filodaki-tirsan-sayisi-106ya-ulasti\/\" title=\"Kochex, Global Vizyonu Do\u011frultusunda T\u0131rsan ile G\u00fc\u00e7leniyor: Filodaki T\u0131rsan Say\u0131s\u0131 106\u2019ya Ula\u015ft\u0131\"><span class=\"pbmit-button-icon\">Read More<\/span><\/a>\r\n\t\t\t<\/div>\r\n\t\t<\/div>\r\n\t<\/div>\r\n<\/div><\/article><article class=\"pbmit-ele pbmit-ele-blog pbmit-blog-style-1 col-md-6 col-lg-4 col-xl-3 genel pbmit-term-1 pbmit-even pbmit-col-odd\"><div class=\"post-item\">\r\n\t<div class=\"pbminfotech-box-content\">\r\n\t\t<div class= \"pbmit-date-wraper d-flex align-items-center\">\r\n\t\t\t<div class=\"pbmit-meta-category-wrapper pbmit-meta-line\">\r\n\t\t\t\t<div class=\"pbmit-meta-category\"><a href=\"https:\/\/kochex.com\/en\/category\/genel\/\" rel=\"category tag\">News<\/a><\/div>\r\n\t\t\t<\/div>\r\n\t\t\t<div class=\"pbmit-date-author-wrapper\">\r\n\t\t\t\t<div class=\"pbmit-meta-author pbmit-meta-line\">\r\n\t\t\t\t\t<span class=\"pbmit-post-author\">Koch Lojistik<\/span>\r\n\t\t\t\t<\/div>\t\t\r\n\t\t\t\t<div class=\"pbmit-meta-date-wrapper pbmit-meta-line\">\r\n\t\t\t\t\t<div class=\"pbmit-meta-date\">\r\n\t\t\t\t\t\t<span class=\"pbmit-post-date\">12  Mar, 2026<\/span>\r\n\t\t\t\t\t<\/div>\r\n\t\t\t\t<\/div>\r\n\t\t\t<\/div>\r\n\t\t<\/div>\r\n\t\t<div class=\"pbmit-featured-container\">\r\n\t\t\t<div class=\"pbmit-featured-img-wrapper\"><div class=\"pbmit-featured-wrapper\"><a href=\"https:\/\/kochex.com\/en\/2026\/03\/12\/koch-lojistik-inovalig-2024te-inovasyonun-sampiyonlari-arasinda-yerini-aldi\/\"><img decoding=\"async\" width=\"800\" height=\"540\" src=\"https:\/\/kochex.com\/wp-content\/uploads\/2026\/03\/WhatsApp-Image-2026-03-12-at-15.12.13-3-800x540.jpeg\" class=\"attachment-pbmit-img-800x540 size-pbmit-img-800x540 wp-post-image\" alt=\"\" \/><\/a><\/div><\/div>\t\t\t\r\n\t\t<\/div>\r\n\t\t<div class=\"pbmit-content-wrapper\">\t\r\n\t\t\t<h3 class=\"pbmit-post-title\"><a href=\"https:\/\/kochex.com\/en\/2026\/03\/12\/koch-lojistik-inovalig-2024te-inovasyonun-sampiyonlari-arasinda-yerini-aldi\/\">Koch Logistics Named Among the 'Champions of Innovation' at \u0130novaL\u0130G 2024!<\/a><\/h3>\r\n\t\t\t<div class=\"pbmit-blog-button\">\r\n\t\t\t\t<a class=\"pbmit-button-inner\" href=\"https:\/\/kochex.com\/en\/2026\/03\/12\/koch-lojistik-inovalig-2024te-inovasyonun-sampiyonlari-arasinda-yerini-aldi\/\" title=\"Koch Logistics Named Among the &#039;Champions of Innovation&#039; at \u0130novaL\u0130G 2024!\"><span class=\"pbmit-button-icon\">Read More<\/span><\/a>\r\n\t\t\t<\/div>\r\n\t\t<\/div>\r\n\t<\/div>\r\n<\/div><\/article><article class=\"pbmit-ele pbmit-ele-blog pbmit-blog-style-1 col-md-6 col-lg-4 col-xl-3 genel pbmit-term-1 pbmit-odd pbmit-col-odd\"><div class=\"post-item\">\r\n\t<div class=\"pbminfotech-box-content\">\r\n\t\t<div class= \"pbmit-date-wraper d-flex align-items-center\">\r\n\t\t\t<div class=\"pbmit-meta-category-wrapper pbmit-meta-line\">\r\n\t\t\t\t<div class=\"pbmit-meta-category\"><a href=\"https:\/\/kochex.com\/en\/category\/genel\/\" rel=\"category tag\">News<\/a><\/div>\r\n\t\t\t<\/div>\r\n\t\t\t<div class=\"pbmit-date-author-wrapper\">\r\n\t\t\t\t<div class=\"pbmit-meta-author pbmit-meta-line\">\r\n\t\t\t\t\t<span class=\"pbmit-post-author\">Koch Lojistik<\/span>\r\n\t\t\t\t<\/div>\t\t\r\n\t\t\t\t<div class=\"pbmit-meta-date-wrapper pbmit-meta-line\">\r\n\t\t\t\t\t<div class=\"pbmit-meta-date\">\r\n\t\t\t\t\t\t<span class=\"pbmit-post-date\">13  Jan, 2026<\/span>\r\n\t\t\t\t\t<\/div>\r\n\t\t\t\t<\/div>\r\n\t\t\t<\/div>\r\n\t\t<\/div>\r\n\t\t<div class=\"pbmit-featured-container\">\r\n\t\t\t<div class=\"pbmit-featured-img-wrapper\"><div class=\"pbmit-featured-wrapper\"><a href=\"https:\/\/kochex.com\/en\/2026\/01\/13\/koctur-lojistik-intermodal-tasimacilik-yatirimlarinda-tirsan-ile-vites-yukseltiyor\/\"><img decoding=\"async\" width=\"800\" height=\"540\" src=\"https:\/\/kochex.com\/wp-content\/uploads\/2026\/01\/Ekran-Resmi-2026-01-13-10.42.21-800x540.png\" class=\"attachment-pbmit-img-800x540 size-pbmit-img-800x540 wp-post-image\" alt=\"\" \/><\/a><\/div><\/div>\t\t\t\r\n\t\t<\/div>\r\n\t\t<div class=\"pbmit-content-wrapper\">\t\r\n\t\t\t<h3 class=\"pbmit-post-title\"><a href=\"https:\/\/kochex.com\/en\/2026\/01\/13\/koctur-lojistik-intermodal-tasimacilik-yatirimlarinda-tirsan-ile-vites-yukseltiyor\/\">KO\u00c7TUR Logistics Accelerates Intermodal Investments with T\u0131rsan Partnership!<\/a><\/h3>\r\n\t\t\t<div class=\"pbmit-blog-button\">\r\n\t\t\t\t<a class=\"pbmit-button-inner\" href=\"https:\/\/kochex.com\/en\/2026\/01\/13\/koctur-lojistik-intermodal-tasimacilik-yatirimlarinda-tirsan-ile-vites-yukseltiyor\/\" title=\"KO\u00c7TUR Logistics Accelerates Intermodal Investments with T\u0131rsan Partnership!\"><span class=\"pbmit-button-icon\">Read More<\/span><\/a>\r\n\t\t\t<\/div>\r\n\t\t<\/div>\r\n\t<\/div>\r\n<\/div><\/article><article class=\"pbmit-ele pbmit-ele-blog pbmit-blog-style-1 col-md-6 col-lg-4 col-xl-3 strategy pbmit-term-16 pbmit-even pbmit-col-odd\"><div class=\"post-item\">\r\n\t<div class=\"pbminfotech-box-content\">\r\n\t\t<div class= \"pbmit-date-wraper d-flex align-items-center\">\r\n\t\t\t<div class=\"pbmit-meta-category-wrapper pbmit-meta-line\">\r\n\t\t\t\t<div class=\"pbmit-meta-category\"><a href=\"https:\/\/kochex.com\/en\/category\/strategy\/\" rel=\"category tag\">News<\/a><\/div>\r\n\t\t\t<\/div>\r\n\t\t\t<div class=\"pbmit-date-author-wrapper\">\r\n\t\t\t\t<div class=\"pbmit-meta-author pbmit-meta-line\">\r\n\t\t\t\t\t<span class=\"pbmit-post-author\">Koch Lojistik<\/span>\r\n\t\t\t\t<\/div>\t\t\r\n\t\t\t\t<div class=\"pbmit-meta-date-wrapper pbmit-meta-line\">\r\n\t\t\t\t\t<div class=\"pbmit-meta-date\">\r\n\t\t\t\t\t\t<span class=\"pbmit-post-date\">27  Dec, 2024<\/span>\r\n\t\t\t\t\t<\/div>\r\n\t\t\t\t<\/div>\r\n\t\t\t<\/div>\r\n\t\t<\/div>\r\n\t\t<div class=\"pbmit-featured-container\">\r\n\t\t\t<div class=\"pbmit-featured-img-wrapper\"><div class=\"pbmit-featured-wrapper\"><a href=\"https:\/\/kochex.com\/en\/2024\/12\/27\/20-adet-iveco-s-way-teslimati-gerceklestirildi\/\"><img loading=\"lazy\" decoding=\"async\" width=\"800\" height=\"460\" src=\"https:\/\/kochex.com\/wp-content\/uploads\/2024\/12\/WhatsApp-Image-2021-03-20-at-00.38.27-870x460-1-800x460.jpg\" class=\"attachment-pbmit-img-800x540 size-pbmit-img-800x540 wp-post-image\" alt=\"\" \/><\/a><\/div><\/div>\t\t\t\r\n\t\t<\/div>\r\n\t\t<div class=\"pbmit-content-wrapper\">\t\r\n\t\t\t<h3 class=\"pbmit-post-title\"><a href=\"https:\/\/kochex.com\/en\/2024\/12\/27\/20-adet-iveco-s-way-teslimati-gerceklestirildi\/\">20 IVECO S-WAY units have been delivered.<\/a><\/h3>\r\n\t\t\t<div class=\"pbmit-blog-button\">\r\n\t\t\t\t<a class=\"pbmit-button-inner\" href=\"https:\/\/kochex.com\/en\/2024\/12\/27\/20-adet-iveco-s-way-teslimati-gerceklestirildi\/\" title=\"20 IVECO S-WAY units have been delivered.\"><span class=\"pbmit-button-icon\">Read More<\/span><\/a>\r\n\t\t\t<\/div>\r\n\t\t<\/div>\r\n\t<\/div>\r\n<\/div><\/article><article class=\"pbmit-ele pbmit-ele-blog pbmit-blog-style-1 col-md-6 col-lg-4 col-xl-3 freight pbmit-term-19 pbmit-odd pbmit-col-even\"><div class=\"post-item\">\r\n\t<div class=\"pbminfotech-box-content\">\r\n\t\t<div class= \"pbmit-date-wraper d-flex align-items-center\">\r\n\t\t\t<div class=\"pbmit-meta-category-wrapper pbmit-meta-line\">\r\n\t\t\t\t<div class=\"pbmit-meta-category\"><a href=\"https:\/\/kochex.com\/en\/category\/freight\/\" rel=\"category tag\">News<\/a><\/div>\r\n\t\t\t<\/div>\r\n\t\t\t<div class=\"pbmit-date-author-wrapper\">\r\n\t\t\t\t<div class=\"pbmit-meta-author pbmit-meta-line\">\r\n\t\t\t\t\t<span class=\"pbmit-post-author\">Koch Lojistik<\/span>\r\n\t\t\t\t<\/div>\t\t\r\n\t\t\t\t<div class=\"pbmit-meta-date-wrapper pbmit-meta-line\">\r\n\t\t\t\t\t<div class=\"pbmit-meta-date\">\r\n\t\t\t\t\t\t<span class=\"pbmit-post-date\">27  Dec, 2024<\/span>\r\n\t\t\t\t\t<\/div>\r\n\t\t\t\t<\/div>\r\n\t\t\t<\/div>\r\n\t\t<\/div>\r\n\t\t<div class=\"pbmit-featured-container\">\r\n\t\t\t<div class=\"pbmit-featured-img-wrapper\"><div class=\"pbmit-featured-wrapper\"><a href=\"https:\/\/kochex.com\/en\/2024\/12\/27\/need-from-our-transport-tracking-specialists\/\"><img loading=\"lazy\" decoding=\"async\" width=\"717\" height=\"460\" src=\"https:\/\/kochex.com\/wp-content\/uploads\/2024\/12\/lojistik_cozum-717x460-1.jpg\" class=\"attachment-pbmit-img-800x540 size-pbmit-img-800x540 wp-post-image\" alt=\"\" srcset=\"https:\/\/kochex.com\/wp-content\/uploads\/2024\/12\/lojistik_cozum-717x460-1.jpg 717w, https:\/\/kochex.com\/wp-content\/uploads\/2024\/12\/lojistik_cozum-717x460-1-300x192.jpg 300w, https:\/\/kochex.com\/wp-content\/uploads\/2024\/12\/lojistik_cozum-717x460-1-600x385.jpg 600w\" sizes=\"(max-width: 717px) 100vw, 717px\" \/><\/a><\/div><\/div>\t\t\t\r\n\t\t<\/div>\r\n\t\t<div class=\"pbmit-content-wrapper\">\t\r\n\t\t\t<h3 class=\"pbmit-post-title\"><a href=\"https:\/\/kochex.com\/en\/2024\/12\/27\/need-from-our-transport-tracking-specialists\/\">Solution Partner of World-Renowned Brands<\/a><\/h3>\r\n\t\t\t<div class=\"pbmit-blog-button\">\r\n\t\t\t\t<a class=\"pbmit-button-inner\" href=\"https:\/\/kochex.com\/en\/2024\/12\/27\/need-from-our-transport-tracking-specialists\/\" title=\"Solution Partner of World-Renowned Brands\"><span class=\"pbmit-button-icon\">Read More<\/span><\/a>\r\n\t\t\t<\/div>\r\n\t\t<\/div>\r\n\t<\/div>\r\n<\/div><\/article>\r\n\t\t\t<\/div> <!-- .pbmit-element-posts-wrapper -->\r\n\t\t\t\r\n\t\t\t\r\n\t\t\t\t\t\t<\/div><!-- .pbmit-element-inner -->\r\n\t\t\t<\/div><!-- .pbminfotech-element -->\r\n\t\t\t\t\t\t\t<\/div>\n\t\t\t\t<\/div>\n\t\t\t\t\t<\/div>\n\t\t\t\t<\/div>\n\t\t\t\t<\/div>","protected":false},"excerpt":{"rendered":"<p>{&#8220;cpt&#8221;:&#8221;blog&#8221;,&#8221;style&#8221;:&#8221;1&#8243;,&#8221;columns&#8221;:&#8221;4&#8243;,&#8221;show&#8221;:7,&#8221;order&#8221;:&#8221;DESC&#8221;,&#8221;orderby&#8221;:&#8221;none&#8221;} Genel admin 12 Mar, 2026 Koch Lojistik, \u0130novaL\u0130G 2024\u2019te \u0130novasyonun \u015eampiyonlar\u0131 Aras\u0131nda Yerini Ald\u0131! Read More Genel admin 13 Oca, 2026 KO\u00c7TUR Lojistik, \u0130ntermodal Ta\u015f\u0131mac\u0131l\u0131k Yat\u0131r\u0131mlar\u0131nda T\u0131rsan ile Vites Y\u00fckseltiyor! Read More Strategy admin 27 Ara, 2024 20 Adet IVECO S-WAY Teslimat\u0131 Ger\u00e7ekle\u015ftirildi. Read More Freight admin 27 Ara, 2024 D\u00fcnyaca \u00dcnl\u00fc Markalar\u0131n \u00c7\u00f6z\u00fcm [&hellip;]<\/p>\n","protected":false},"author":1,"featured_media":0,"parent":0,"menu_order":26,"comment_status":"closed","ping_status":"closed","template":"","meta":{"_acf_changed":false,"inline_featured_image":false,"footnotes":""},"class_list":["post-91","page","type-page","status-publish","hentry"],"acf":[],"_links":{"self":[{"href":"https:\/\/kochex.com\/en\/wp-json\/wp\/v2\/pages\/91","targetHints":{"allow":["GET"]}}],"collection":[{"href":"https:\/\/kochex.com\/en\/wp-json\/wp\/v2\/pages"}],"about":[{"href":"https:\/\/kochex.com\/en\/wp-json\/wp\/v2\/types\/page"}],"author":[{"embeddable":true,"href":"https:\/\/kochex.com\/en\/wp-json\/wp\/v2\/users\/1"}],"replies":[{"embeddable":true,"href":"https:\/\/kochex.com\/en\/wp-json\/wp\/v2\/comments?post=91"}],"version-history":[{"count":7,"href":"https:\/\/kochex.com\/en\/wp-json\/wp\/v2\/pages\/91\/revisions"}],"predecessor-version":[{"id":1256,"href":"https:\/\/kochex.com\/en\/wp-json\/wp\/v2\/pages\/91\/revisions\/1256"}],"wp:attachment":[{"href":"https:\/\/kochex.com\/en\/wp-json\/wp\/v2\/media?parent=91"}],"curies":[{"name":"wp","href":"https:\/\/api.w.org\/{rel}","templated":true}]}}